{"id":20,"date":"2017-11-15T22:36:27","date_gmt":"2017-11-15T22:36:27","guid":{"rendered":"https:\/\/motocross.progressionstudios.com\/?page_id=20"},"modified":"2026-03-15T17:19:35","modified_gmt":"2026-03-15T17:19:35","slug":"home","status":"publish","type":"page","link":"https:\/\/msc-gronau.de\/","title":{"rendered":"Home"},"content":{"rendered":"\t\t<div data-elementor-type=\"wp-page\" data-elementor-id=\"20\" class=\"elementor elementor-20\">\n\t\t\t\t\t\t<section class=\"elementor-section elementor-top-section elementor-element elementor-element-148c4598 elementor-section-stretched elementor-section-full_width elementor-section-height-default elementor-section-height-default\" data-id=\"148c4598\" data-element_type=\"section\" data-e-type=\"section\" data-settings=\"{&quot;stretch_section&quot;:&quot;section-stretched&quot;,&quot;background_background&quot;:&quot;classic&quot;}\">\n\t\t\t\t\t\t<div class=\"elementor-container elementor-column-gap-no\">\n\t\t\t\t\t<div class=\"elementor-column elementor-col-100 elementor-top-column elementor-element elementor-element-65ede2bf\" data-id=\"65ede2bf\" data-element_type=\"column\" data-e-type=\"column\">\n\t\t\t<div class=\"elementor-widget-wrap elementor-element-populated\">\n\t\t\t\t\t\t<div class=\"elementor-element elementor-element-726119a4 elementor-widget elementor-widget-boosted-elements-slider\" data-id=\"726119a4\" data-element_type=\"widget\" data-e-type=\"widget\" data-widget_type=\"boosted-elements-slider.default\">\n\t\t\t\t<div class=\"elementor-widget-container\">\n\t\t\t\t\t\t\n\t<div class=\"boosted-elements-slider-loader-height\">\t\t<div class=\"boosted-elements-progression-slider-container boosted-no-delay-animate boosted_elements_slider_arrow_visiblity_hover boosted_elements_slider_dots_visiblity_visible\">\n\t\t\t<div id=\"boosted-elements-progression-flexslider-726119a4\" class=\"boosted-elements-slider-main\">\n\t\t\t\t<ul class=\"boosted-elements-slides\">\n\t\t\t\t\t\t\t\t\t\t\t<li class=\"elementor-repeater-item-ce73dfd bosted_animate_out\">\n\t\t\t\t\t\t\n\t\t\t\t\t\t\n\t\t\t\t\t\t\t\t\t\t\t\t\t\n\t\t\t\t\t\t\n\t\t\t\t\t\t\n\t\t\t\t\t\t\t<div class=\"boosted-elements-slider-background\">\n\t\t\t\t\t\t\t\n\t\t\t\t\t\t\t\t<div class=\"boosted-elements-slider-display-table\">\n\t\t\t\t\t\t\t\t\t<div class=\"boosted-elements-slider-content-container\">\n\t\t\t\t\t\t\t\t\t\n\t\t\t\t\t\t\t\t\t\t<div class=\"boosted-elements-slider-container-fixed-optional\">\n\t\t\t\t\t\t\t\t\t\t<div class=\"boosted-elements-slider-content\">\n\t\t\t\t\t\t\t\t\t\t\n\t\t\t\t\t\t\t\t\t\t\t<div class=\"bosted-element-content-margin\">\n\t\t\t\t\t\t\t\t\t\t\t\t\t\t\t\t\t\t\t\t\t\t\t\t\t\t\t\t\t\t\t\t\t\t\t\t\t\t\t\t\t\t\t\t\t\t\t\t\t<div class=\"boosted-elements-slide-content boosted-animation-delay-none\"><span>Werde Mitglied im MSC Gronau e.V. <br>\n<\/span><\/div>\n\t\t\t\t\t\t\t\t\t\t\t\t\t\t\t\t\t\t\t\t\t\n\t\t\t\t\t\t\t\t\t\t\t\t\t\t\t\t\t\t\t\t\t\t\t\t\t<a href=\"https:\/\/msc-gronau.de\/index.php\/Mitglied-werden\/\" class=\"boosted-elements-slide-button-main boosted-animation-delay-none\" target=\"_blank\" >\n\t\t\t\t\t\t\t\t\t\t\t\t\t\t\t\t\t\t\t\t\t\t\t\t\t\t\t\t\t\t\t\t\t\t\t\t\t\t\t\t\t\t\t\t\t\t\t\t\t\t\t\t\t\tMitglied werden\t\t\t\t\t\t\t\t\t\t\t\t\t\t\t\t\t\t\t\t\t\t\t\t\t\t<\/a>\n\t\t\t\t\t\t\t\t\t\t\t\t\n\t\t\t\t\t\t\t\t\t\t\t\t\n\t\t\t\t\t\t\t\t\t\t\t\t\t\n\t\t\t\t\t\t\t\t\t\t\t\n\t\t\t\t\t\t\t\t\t\t\t\n\t\t\t\t\t\t\t\t\t\t\t\n\t\t\t\t\t\t\t\t\t\t\t\t\t\t\t\t\t\t\t\t\t\n\t\t\t\t\t\t\t\t\t\n\t\t\t\t\t\t\t\t\t\t\t\t<div class=\"clearfix-boosted-element\"><\/div>\n\t\t\t\t\t\t\t\t\t\t\t<\/div><!-- close .bosted-element-content-margin -->\t\n\t\t\t\t\t\t\t\t\t\t\t\n\t\t\t\t\t\t\t\t\t\t<\/div><!-- close .boosted-elements-slider-content -->\n\t\t\t\t\t\t\t\t\t\n\t\t\t\t\t\t\t\t\t\t<\/div><!-- close .boosted-elements-slider-container-fixed-optional -->\n\t\t\t\t\t\t\t\t\t\n\t\t\t\t\t\t\t\t\t\t\t\n\t\t\t\t\t\t\t\t\t\n\t\t\t\t\t\t\t\t\t<\/div><!-- close .boosted-elements-slider-content-container -->\n\n\t\t\t\t\t\t\t\t\t\t\t\t\t\t\t\t\t\n\t\t\t\t\t\t\t\t\n\t\t\t\t\t\t\t\t\t\t\t\t\t\t\t\t\t\t<div class=\"boosted-elements-slider-gradient-overlay\"><\/div>\n\t\t\t\t\t\t\t\t<\/div>\n\t\t\t\t\t\t\t\n\t\t\t\t\t\t\t<\/div><!-- close  .boosted-elements-slider-background -->\n\t\t\t\t\t\n\t\t\t\t\t\t\n\t\t\t\t\t\t\t\t\t\t\t\t\t\t\t\n\t\t\t\t\t\t\t\t\t\t\t\t\t\t\n\t\t\t\t\t\t<\/li>\n\t\t\t\t\t\t\t\t\t<\/ul>\n\t\t\t\n\t\t\t\t\t\t\t\n\t\t\t<\/div><!-- #boosted-elements-progression-flexslider-726119a4 -->\n\t\t<\/div><!-- close .boosted-elements-progression-slider-container -->\n\t<\/div><!-- close .boosted-elements-slider-loader-height -->\t<div class=\"clearfix-boosted-element\"><\/div>\n\t\n\t\n\t\t\t\t\t\t\t\t\t\t\t\t\t\n\t<script type=\"text\/javascript\"> \n\tjQuery(document).ready(function($) {\n\t\t'use strict';\n\t\t\n\t\t\t\t\n      $('#boosted-elements-progression-flexslider-726119a4').flexslider({\n\t\t\tnamespace: \"boosted-elements-slider-\",\n\t\t\tselector: \".boosted-elements-slides  > li\",\n\t\t\tprevText: \"\",\n\t\t\ttouch: true,\n\t\t\tnextText: \"\",\n\t\t\tslideshow:true,\n\t\t\tslideshowSpeed: 8000,\n\t\t\tanimation: \"fade\",\n\t\t\tanimationSpeed: 800,\n\t\t\tpauseOnHover: true,\n\t\t\t      });\n\t\t\n   \t$(\"#boosted-elements-progression-flexslider-726119a4 a.boosted-elements-slider-lightbox[data-rel^='prettyPhoto']\").prettyPhoto({\n \t\t\ttheme: 'pp_default',\n   \t\t\thook: 'data-rel',\n \t\t\t\topacity: 0.7,\n   \t\t\tshow_title: false,\n   \t\t\tdeeplinking: false,\n   \t\t\toverlay_gallery: false,\n   \t\t\tcustom_markup: '',\n \t\t\t\tdefault_width: 900,\n \t\t\t\tdefault_height: 506,\n   \t\t\tsocial_tools: ''\n   \t});\n\t\t\n\t\t\n\t\t\t\t\n\t});\n\t<\/script>\n\t\n\t\t\t\t\t<\/div>\n\t\t\t\t<\/div>\n\t\t\t\t\t<\/div>\n\t\t<\/div>\n\t\t\t\t\t<\/div>\n\t\t<\/section>\n\t\t\t\t<section class=\"elementor-section elementor-top-section elementor-element elementor-element-685b9bde elementor-section-stretched elementor-section-content-middle elementor-section-boxed elementor-section-height-default elementor-section-height-default\" data-id=\"685b9bde\" data-element_type=\"section\" data-e-type=\"section\" data-settings=\"{&quot;stretch_section&quot;:&quot;section-stretched&quot;,&quot;background_background&quot;:&quot;classic&quot;}\">\n\t\t\t\t\t\t<div class=\"elementor-container elementor-column-gap-default\">\n\t\t\t\t\t<div class=\"elementor-column elementor-col-33 elementor-top-column elementor-element elementor-element-7f4bc06d\" data-id=\"7f4bc06d\" data-element_type=\"column\" data-e-type=\"column\">\n\t\t\t<div class=\"elementor-widget-wrap elementor-element-populated\">\n\t\t\t\t\t\t<div class=\"elementor-element elementor-element-4e4d1bfd elementor-widget elementor-widget-heading\" data-id=\"4e4d1bfd\" data-element_type=\"widget\" data-e-type=\"widget\" data-widget_type=\"heading.default\">\n\t\t\t\t\t<h2 class=\"elementor-heading-title elementor-size-default\"><font color=\"#ffffff\">Tel.: 0 178 3589192<\/font><\/h2>\t\t\t\t<\/div>\n\t\t\t\t\t<\/div>\n\t\t<\/div>\n\t\t\t\t<div class=\"elementor-column elementor-col-33 elementor-top-column elementor-element elementor-element-43c3c010\" data-id=\"43c3c010\" data-element_type=\"column\" data-e-type=\"column\">\n\t\t\t<div class=\"elementor-widget-wrap elementor-element-populated\">\n\t\t\t\t\t\t<div class=\"elementor-element elementor-element-441fb3cb elementor-widget elementor-widget-heading\" data-id=\"441fb3cb\" data-element_type=\"widget\" data-e-type=\"widget\" data-widget_type=\"heading.default\">\n\t\t\t\t\t<h2 class=\"elementor-heading-title elementor-size-default\"><span style=\"color:#fff\">Adresse: Ottostra\u00dfe 2 48599 Gronau - Epe<\/span><\/h2>\t\t\t\t<\/div>\n\t\t\t\t\t<\/div>\n\t\t<\/div>\n\t\t\t\t<div class=\"elementor-column elementor-col-33 elementor-top-column elementor-element elementor-element-6a6917b8\" data-id=\"6a6917b8\" data-element_type=\"column\" data-e-type=\"column\">\n\t\t\t<div class=\"elementor-widget-wrap elementor-element-populated\">\n\t\t\t\t\t\t<div class=\"elementor-element elementor-element-46a87a01 elementor-widget elementor-widget-boosted-elements-advanced-button\" data-id=\"46a87a01\" data-element_type=\"widget\" data-e-type=\"widget\" data-widget_type=\"boosted-elements-advanced-button.default\">\n\t\t\t\t<div class=\"elementor-widget-container\">\n\t\t\t\t\t\n\t\t\n\n\t<div class=\"boosted-elements-progression-advanced-button-container\">\t\t\n\t\t<a href=\"https:\/\/msc-gronau.de\/index.php\/contact\/\/contact\/\"   class=\"boosted-elements-advanced-button elementor-animation- boosted-elements-btn-animate-opacity boosted-elements-icon-animate-default\">\n\t\t\t\n\t\t\t<div class=\"boosted-elements-advanced-btn-text\"><span class=\"boosted-elements-advanced-btn-text-inline\"><div >Kontaktiere uns<\/div><\/span><\/div>\n\t\t\t\n\t\t\t<span class=\"boosted-elements-advanced-btn-background\"><\/span>\n\t\t\t<span class=\"boosted-elements-advanced-btn-background-hover\"><\/span>\n\t\t<\/a>\n\t<\/div><!-- close .boosted-elements-progression-advanced-button-container -->\n\t\n\t\n\t\t\t\t\t<\/div>\n\t\t\t\t<\/div>\n\t\t\t\t\t<\/div>\n\t\t<\/div>\n\t\t\t\t\t<\/div>\n\t\t<\/section>\n\t\t\t\t<section class=\"elementor-section elementor-top-section elementor-element elementor-element-68a1409f elementor-section-content-middle elementor-section-boxed elementor-section-height-default elementor-section-height-default\" data-id=\"68a1409f\" data-element_type=\"section\" data-e-type=\"section\">\n\t\t\t\t\t\t<div class=\"elementor-container elementor-column-gap-default\">\n\t\t\t\t\t<div class=\"elementor-column elementor-col-50 elementor-top-column elementor-element elementor-element-86c4aa3\" data-id=\"86c4aa3\" data-element_type=\"column\" data-e-type=\"column\">\n\t\t\t<div class=\"elementor-widget-wrap elementor-element-populated\">\n\t\t\t\t\t\t<div class=\"elementor-element elementor-element-1b180636 elementor-widget elementor-widget-image\" data-id=\"1b180636\" data-element_type=\"widget\" data-e-type=\"widget\" data-widget_type=\"image.default\">\n\t\t\t\t\t\t\t\t\t\t\t\t\t\t\t<img decoding=\"async\" src=\"https:\/\/msc-gronau.de\/wp-content\/uploads\/elementor\/thumbs\/IMG_6563-rc8kjf87mwcydcb3e88ethixo6cygsfgwm6ex45020.jpeg\" title=\"IMG_6563\" alt=\"IMG_6563\" loading=\"lazy\" \/>\t\t\t\t\t\t\t\t\t\t\t\t\t\t\t<\/div>\n\t\t\t\t\t<\/div>\n\t\t<\/div>\n\t\t\t\t<div class=\"elementor-column elementor-col-50 elementor-top-column elementor-element elementor-element-19181729\" data-id=\"19181729\" data-element_type=\"column\" data-e-type=\"column\">\n\t\t\t<div class=\"elementor-widget-wrap elementor-element-populated\">\n\t\t\t\t\t\t<div class=\"elementor-element elementor-element-7158b94 elementor-widget elementor-widget-heading\" data-id=\"7158b94\" data-element_type=\"widget\" data-e-type=\"widget\" data-widget_type=\"heading.default\">\n\t\t\t\t\t<h2 class=\"elementor-heading-title elementor-size-default\">Was ist unser Ziel?<\/h2>\t\t\t\t<\/div>\n\t\t\t\t<div class=\"elementor-element elementor-element-75fd4f37 elementor-widget elementor-widget-text-editor\" data-id=\"75fd4f37\" data-element_type=\"widget\" data-e-type=\"widget\" data-widget_type=\"text-editor.default\">\n\t\t\t\t\t\t\t\t\t<p><span style=\"color: #212529; font-family: system-ui, -apple-system, 'Segoe UI', Roboto, 'Helvetica Neue', Arial, 'Noto Sans', 'Liberation Sans', sans-serif, 'Apple Color Emoji', 'Segoe UI Emoji', 'Segoe UI Symbol', 'Noto Color Emoji';\">Wir werden euch eine sch\u00f6ne Strecke bieten, welche passend ist f\u00fcr Anf\u00e4nger aber auch f\u00fcr fortgeschrittene Fahrer geeignet ist. Auf unserem Gel\u00e4nde wird es 3 Strecken geben eine Kinderstrecke, eine Einsteigerstrecke aber auch eine Strecke f\u00fcr die Fahrer die schon einige Erfahrung im MX gesammelt haben.<\/span><\/p>\t\t\t\t\t\t\t\t<\/div>\n\t\t\t\t\t<\/div>\n\t\t<\/div>\n\t\t\t\t\t<\/div>\n\t\t<\/section>\n\t\t\t\t<section class=\"elementor-section elementor-top-section elementor-element elementor-element-35b5fffe elementor-section-stretched elementor-section-content-middle elementor-section-boxed elementor-section-height-default elementor-section-height-default\" data-id=\"35b5fffe\" data-element_type=\"section\" data-e-type=\"section\" data-settings=\"{&quot;stretch_section&quot;:&quot;section-stretched&quot;,&quot;background_background&quot;:&quot;classic&quot;}\">\n\t\t\t\t\t\t\t<div class=\"elementor-background-overlay\"><\/div>\n\t\t\t\t\t\t\t<div class=\"elementor-container elementor-column-gap-default\">\n\t\t\t\t\t<div class=\"elementor-column elementor-col-50 elementor-top-column elementor-element elementor-element-1d55f6f6\" data-id=\"1d55f6f6\" data-element_type=\"column\" data-e-type=\"column\">\n\t\t\t<div class=\"elementor-widget-wrap elementor-element-populated\">\n\t\t\t\t\t\t<div class=\"elementor-element elementor-element-3417b2a2 elementor-widget elementor-widget-heading\" data-id=\"3417b2a2\" data-element_type=\"widget\" data-e-type=\"widget\" data-widget_type=\"heading.default\">\n\t\t\t\t\t<h2 class=\"elementor-heading-title elementor-size-default\">Hier sind unsere \u00d6ffnungszeiten<\/h2>\t\t\t\t<\/div>\n\t\t\t\t\t<\/div>\n\t\t<\/div>\n\t\t\t\t<div class=\"elementor-column elementor-col-50 elementor-top-column elementor-element elementor-element-27baf6c3\" data-id=\"27baf6c3\" data-element_type=\"column\" data-e-type=\"column\">\n\t\t\t<div class=\"elementor-widget-wrap elementor-element-populated\">\n\t\t\t\t\t\t<div class=\"elementor-element elementor-element-50bf17e3 elementor-widget elementor-widget-boosted-elements-advanced-button\" data-id=\"50bf17e3\" data-element_type=\"widget\" data-e-type=\"widget\" data-widget_type=\"boosted-elements-advanced-button.default\">\n\t\t\t\t<div class=\"elementor-widget-container\">\n\t\t\t\t\t\n\t\t\n\n\t<div class=\"boosted-elements-progression-advanced-button-container\">\t\t\n\t\t<a href=\"https:\/\/msc-gronau.de\/index.php\/oeffnungszeiten\/\"   class=\"boosted-elements-advanced-button elementor-animation- boosted-elements-btn-animate-transparent boosted-elements-icon-animate-default\">\n\t\t\t\n\t\t\t<div class=\"boosted-elements-advanced-btn-text\"><span class=\"boosted-elements-advanced-btn-text-inline\"><div >\u00d6ffnunfgszeiten<\/div><\/span><\/div>\n\t\t\t\n\t\t\t<span class=\"boosted-elements-advanced-btn-background\"><\/span>\n\t\t\t<span class=\"boosted-elements-advanced-btn-background-hover\"><\/span>\n\t\t<\/a>\n\t<\/div><!-- close .boosted-elements-progression-advanced-button-container -->\n\t\n\t\n\t\t\t\t\t<\/div>\n\t\t\t\t<\/div>\n\t\t\t\t\t<\/div>\n\t\t<\/div>\n\t\t\t\t\t<\/div>\n\t\t<\/section>\n\t\t\t\t<section class=\"elementor-section elementor-top-section elementor-element elementor-element-1fe358d8 elementor-section-stretched elementor-section-boxed elementor-section-height-default elementor-section-height-default\" data-id=\"1fe358d8\" data-element_type=\"section\" data-e-type=\"section\" data-settings=\"{&quot;stretch_section&quot;:&quot;section-stretched&quot;,&quot;background_background&quot;:&quot;classic&quot;}\">\n\t\t\t\t\t\t<div class=\"elementor-container elementor-column-gap-default\">\n\t\t\t\t\t<div class=\"elementor-column elementor-col-100 elementor-top-column elementor-element elementor-element-62989dcf\" data-id=\"62989dcf\" data-element_type=\"column\" data-e-type=\"column\">\n\t\t\t<div class=\"elementor-widget-wrap elementor-element-populated\">\n\t\t\t\t\t\t<div class=\"elementor-element elementor-element-1ed67f2 elementor-widget elementor-widget-heading\" data-id=\"1ed67f2\" data-element_type=\"widget\" data-e-type=\"widget\" data-widget_type=\"heading.default\">\n\t\t\t\t\t<h2 class=\"elementor-heading-title elementor-size-default\">Fotos von der Strecke<\/h2>\t\t\t\t<\/div>\n\t\t\t\t\t<\/div>\n\t\t<\/div>\n\t\t\t\t\t<\/div>\n\t\t<\/section>\n\t\t\t\t<section class=\"elementor-section elementor-top-section elementor-element elementor-element-19e3af7a elementor-section-boxed elementor-section-height-default elementor-section-height-default\" data-id=\"19e3af7a\" data-element_type=\"section\" data-e-type=\"section\">\n\t\t\t\t\t\t<div class=\"elementor-container elementor-column-gap-default\">\n\t\t\t\t\t<div class=\"elementor-column elementor-col-100 elementor-top-column elementor-element elementor-element-f2d8c6e\" data-id=\"f2d8c6e\" data-element_type=\"column\" data-e-type=\"column\">\n\t\t\t<div class=\"elementor-widget-wrap elementor-element-populated\">\n\t\t\t\t\t\t<div class=\"elementor-element elementor-element-332c82a elementor-widget elementor-widget-heading\" data-id=\"332c82a\" data-element_type=\"widget\" data-e-type=\"widget\" data-widget_type=\"heading.default\">\n\t\t\t\t\t<h2 class=\"elementor-heading-title elementor-size-default\">Unsere Fanartikel<\/h2>\t\t\t\t<\/div>\n\t\t\t\t<div class=\"elementor-element elementor-element-ca22ca9 elementor-widget elementor-widget-boosted-elements-woo-product-list\" data-id=\"ca22ca9\" data-element_type=\"widget\" data-e-type=\"widget\" data-widget_type=\"boosted-elements-woo-product-list.default\">\n\t\t\t\t<div class=\"elementor-widget-container\">\n\t\t\t\t\t\t\n\n\n\n\t<div class=\"boosted-elements-progression-woo-product-list-container\">\t\t\t\n\t\t<div class=\"woocommerce columns-2 \"><\/div>\t<\/div><!-- close .boosted-elements-progression-woo-product-list-container -->\n\t\n\t\n\t\t\t\t\t<\/div>\n\t\t\t\t<\/div>\n\t\t\t\t<div class=\"elementor-element elementor-element-14f7462e elementor-widget elementor-widget-boosted-elements-advanced-button\" data-id=\"14f7462e\" data-element_type=\"widget\" data-e-type=\"widget\" data-widget_type=\"boosted-elements-advanced-button.default\">\n\t\t\t\t<div class=\"elementor-widget-container\">\n\t\t\t\t\t\n\t\t\n\n\t<div class=\"boosted-elements-progression-advanced-button-container\">\t\t\n\t\t<a href=\"https:\/\/msc-gronau.de\/index.php\/shop\/\"   class=\"boosted-elements-advanced-button elementor-animation- boosted-elements-btn-animate-opacity boosted-elements-icon-animate-default\">\n\t\t\t\n\t\t\t<div class=\"boosted-elements-advanced-btn-text\"><span class=\"boosted-elements-advanced-btn-text-inline\"><div >Weitere Artikel<\/div><\/span><\/div>\n\t\t\t\n\t\t\t<span class=\"boosted-elements-advanced-btn-background\"><\/span>\n\t\t\t<span class=\"boosted-elements-advanced-btn-background-hover\"><\/span>\n\t\t<\/a>\n\t<\/div><!-- close .boosted-elements-progression-advanced-button-container -->\n\t\n\t\n\t\t\t\t\t<\/div>\n\t\t\t\t<\/div>\n\t\t\t\t\t<\/div>\n\t\t<\/div>\n\t\t\t\t\t<\/div>\n\t\t<\/section>\n\t\t\t\t<section class=\"elementor-section elementor-top-section elementor-element elementor-element-6830cb78 elementor-section-stretched elementor-section-full_width elementor-section-height-default elementor-section-height-default\" data-id=\"6830cb78\" data-element_type=\"section\" data-e-type=\"section\" data-settings=\"{&quot;stretch_section&quot;:&quot;section-stretched&quot;}\">\n\t\t\t\t\t\t<div class=\"elementor-container elementor-column-gap-no\">\n\t\t\t\t\t<div class=\"elementor-column elementor-col-100 elementor-top-column elementor-element elementor-element-23b9d206\" data-id=\"23b9d206\" data-element_type=\"column\" data-e-type=\"column\">\n\t\t\t<div class=\"elementor-widget-wrap elementor-element-populated\">\n\t\t\t\t\t\t<div class=\"elementor-element elementor-element-7ae528ee elementor-widget elementor-widget-boosted-elements-googlemaps\" data-id=\"7ae528ee\" data-element_type=\"widget\" data-e-type=\"widget\" data-widget_type=\"boosted-elements-googlemaps.default\">\n\t\t\t\t<div class=\"elementor-widget-container\">\n\t\t\t\t\t\t\n\t<div class=\"boosted-elements-progression-google-maps-container\">\n\t\t<div id=\"boosted-elements-progression-map-list-7ae528ee\" class=\"boosted-elements-map-mobile-menu-height\"><\/div>\n\t<\/div><!-- close .boosted-elements-progression-google-maps-container -->\n\t\n\t<script type=\"text\/javascript\"> \n\tjQuery(document).ready(function($) {\n\t\t'use strict';\n    \t$(\"#boosted-elements-progression-map-list-7ae528ee\").goMap({\n\t\t\t        markers: [ { address: 'Santa Rosa, CA', icon: 'https:\/\/msc-gronau.de\/wp-content\/uploads\/2017\/11\/map-marker.png', html: {content: \"<div class='google-maps-pin'><h6 class='boosted-elements-progression-map-title'>MOTOCROSS<\/h6><div class='boosted-elements-progression-map-content'>Add a title and description to your map pins.<br>You can also style your google map!<\/div><\/div>\", popup:true}},\n\t\t\t\t\t\t],\n\t\tscrollwheel: false,  disableDoubleClickZoom: false, zoom: 14, maptype: 'ROADMAP', streetViewControl:\tfalse, oneInfoWindow: false, mapTypeControl:false\t\n    });\n\t});\n\t<\/script>\n\n\t\t\t\t\t<\/div>\n\t\t\t\t<\/div>\n\t\t\t\t\t<\/div>\n\t\t<\/div>\n\t\t\t\t\t<\/div>\n\t\t<\/section>\n\t\t\t\t<\/div>\n\t\t","protected":false},"excerpt":{"rendered":"<p>Werde Mitglied im MSC Gronau e.V. Mitglied werden Tel.: 0 178 3589192 Adresse: Ottostra\u00dfe 2 48599 Gronau &#8211; Epe Kontaktiere uns Was ist unser Ziel? Wir werden euch eine sch\u00f6ne Strecke bieten, welche passend ist f\u00fcr Anf\u00e4nger aber auch f\u00fcr fortgeschrittene Fahrer geeignet ist. Auf unserem Gel\u00e4nde wird es 3 Strecken geben eine Kinderstrecke, eine [&hellip;]<\/p>\n","protected":false},"author":1,"featured_media":0,"parent":0,"menu_order":0,"comment_status":"closed","ping_status":"closed","template":"","meta":{"footnotes":""},"class_list":["post-20","page","type-page","status-publish","hentry"],"_links":{"self":[{"href":"https:\/\/msc-gronau.de\/index.php\/wp-json\/wp\/v2\/pages\/20","targetHints":{"allow":["GET"]}}],"collection":[{"href":"https:\/\/msc-gronau.de\/index.php\/wp-json\/wp\/v2\/pages"}],"about":[{"href":"https:\/\/msc-gronau.de\/index.php\/wp-json\/wp\/v2\/types\/page"}],"author":[{"embeddable":true,"href":"https:\/\/msc-gronau.de\/index.php\/wp-json\/wp\/v2\/users\/1"}],"replies":[{"embeddable":true,"href":"https:\/\/msc-gronau.de\/index.php\/wp-json\/wp\/v2\/comments?post=20"}],"version-history":[{"count":17,"href":"https:\/\/msc-gronau.de\/index.php\/wp-json\/wp\/v2\/pages\/20\/revisions"}],"predecessor-version":[{"id":576,"href":"https:\/\/msc-gronau.de\/index.php\/wp-json\/wp\/v2\/pages\/20\/revisions\/576"}],"wp:attachment":[{"href":"https:\/\/msc-gronau.de\/index.php\/wp-json\/wp\/v2\/media?parent=20"}],"curies":[{"name":"wp","href":"https:\/\/api.w.org\/{rel}","templated":true}]}}